{"id":31,"date":"2019-08-06T11:06:08","date_gmt":"2019-08-06T11:06:08","guid":{"rendered":"http:\/\/hebammenpraxis-verden.de\/?page_id=31"},"modified":"2026-02-11T15:08:47","modified_gmt":"2026-02-11T15:08:47","slug":"hebammenhilfe","status":"publish","type":"page","link":"https:\/\/hebammenpraxis-verden.de\/?page_id=31","title":{"rendered":"Hebammenhilfe"},"content":{"rendered":"<div id=\"page\" class=\"hfeed site\">\n<div id=\"content\" class=\"site-content\">\n<div id=\"primary\" class=\"content-area\">\n<article id=\"post-17\" class=\"post-17 page type-page status-publish hentry\">\n<div class=\"entry-content\">\n<p align=\"center\">Hebammenhilfe ist eine Leistung der gesetzlichen Krankenkassen,<br \/>\nSozial\u00e4mter und der privaten Krankenversicherung.<br \/>\nW\u00e4hrend der Schwangerschaft, Geburt, Wochenbettzeit und bis zum Ende der Stillphase haben Sie Anspruch auf diese Leistungen. In dieser wichtigen Zeit begleiten wir Sie gerne und stellen unser Wissen und K\u00f6nnen zur Verf\u00fcgung.<\/p>\n<p align=\"center\">&#8211; Wir bieten im pers\u00f6nlichen Gespr\u00e4ch eine individuelle Beratung &#8211;<\/p>\n<p><img loading=\"lazy\" decoding=\"async\" class=\"alignnone size-full wp-image-7\" src=\"http:\/\/hebammenpraxis-verden.de\/wp-content\/uploads\/2019\/08\/cassi.jpg\" alt=\"\" width=\"250\" height=\"167\" \/><br \/>\nBetreuung bei Beschwerden<\/p>\n<p>Vorsorgeuntersuchungen (Mutterpass)<\/p>\n<p>Wochenbettbetreuung<\/p>\n<p><strong>Pers\u00f6nliche Beratung<\/strong><br \/>\nbei ihnen zu Hause<\/p>\n<p><strong>Betreuung bei Beschwerden<\/strong><br \/>\nHilfe und Tipps bei Beschwerden z.B. R\u00fcckenschmerzen, Wassereinlagerungen in den Beinen, Sodbrennen, \u00dcbelkeit \/ Erbrechen in der Fr\u00fchschwangerschaft, bei \u00c4ngsten oder Risiken in der Schwangerschaft, z.B. bei Zwillingen. (<strong>mit Terminvereinbarung<\/strong>)<\/p>\n<p><strong>Vorsorgeuntersuchungen (Mutterpass)<\/strong><br \/>\nAlle Untersuchungen zur Beobachtung einer normalen Schwangerschaft<\/p>\n<p><strong><span style=\"text-decoration: underline;\"><span style=\"color: #000000; text-decoration: underline;\"> Naturheilverfahren <\/span><br \/>\n<\/span><\/strong><\/p>\n<p>z.B. bei \u00dcbelkeit \/ Erbrechen in der Fr\u00fchschwangerschaft, Wassereinlagerungen in den Beinen, Stei\u00dflagen, u.v.m..<br \/>\n&#8211; Krankenkassenleistung<\/p>\n<p><strong>Wochenbettbetreuung<\/strong><br \/>\nJede Frau hat Anspruch auf 8 Wochen Hebammenbetreuung:<\/p>\n<ul>\n<li>Wir beraten und betreuen Mutter und Kind zu Hause,<\/li>\n<li>geben Anleitung beim Stillen und bei der Pflege des Kindes<\/li>\n<li>begleiten beim F\u00fcttern per Flasche<\/li>\n<li>haben ein offenes Ohr f\u00fcr die Sorgen und \u00c4ngste der \u201cjungen Eltern\u201d<\/li>\n<li>und leiten zu leichter Beckenbodengymnastik an<\/li>\n<li>Bei Stillproblemen oder Fragen zum Abstillen k\u00f6nnen Sie uns bis zum Ende der Stillphase konsultieren<\/li>\n<\/ul>\n<p>&nbsp;<\/p>\n<p><strong>Beikosteinf\u00fchrung:<\/strong><\/p>\n<p>Wir beraten Sie und geben Ihnen Tipps, wie Sie mit Ihrem Kind den \u00dcbergang zur festen Nahrung gestalten k\u00f6nnen.<\/p>\n<p>Wir orientieren uns an den Empfehlungen des Ministeriums f\u00fcr Ern\u00e4hrung \u201cGesund ins Leben\u201d . Die Beratung ist individuell auf Sie und Ihr Kind abgestimmt. Vereinbaren Sie einen Termin mit uns.<\/p>\n<p><strong>Mit der neuen Hebammengeb\u00fchrenordnung seit 11\/2025 k\u00f6nnen wir nur noch Beratungsleistung im pers\u00f6nlichen Kontakt erbringen, bzw. brauchen f\u00fcr jede erbrachte Beratungsleistung eine Unterschrift der Schwangeren Frau bzw. der Mutter.\u00a0<\/strong><\/p>\n<\/div>\n<\/article>\n<p>&nbsp;<\/p>\n<\/div>\n<\/div>\n<\/div>\n","protected":false},"excerpt":{"rendered":"<p>Hebammenhilfe ist eine Leistung der gesetzlichen Krankenkassen, Sozial\u00e4mter und der privaten Krankenversicherung. W\u00e4hrend der Schwangerschaft, Geburt, Wochenbettzeit und bis zum Ende der Stillphase haben Sie Anspruch auf diese Leistungen. In dieser wichtigen Zeit begleiten wir Sie gerne und stellen unser Wissen und K\u00f6nnen zur Verf\u00fcgung. &#8211; Wir bieten im pers\u00f6nlichen Gespr\u00e4ch eine individuelle Beratung &#8211; [&hellip;]<\/p>\n","protected":false},"author":1,"featured_media":0,"parent":0,"menu_order":3,"comment_status":"closed","ping_status":"closed","template":"","meta":{"footnotes":""},"_links":{"self":[{"href":"https:\/\/hebammenpraxis-verden.de\/index.php?rest_route=\/wp\/v2\/pages\/31"}],"collection":[{"href":"https:\/\/hebammenpraxis-verden.de\/index.php?rest_route=\/wp\/v2\/pages"}],"about":[{"href":"https:\/\/hebammenpraxis-verden.de\/index.php?rest_route=\/wp\/v2\/types\/page"}],"author":[{"embeddable":true,"href":"https:\/\/hebammenpraxis-verden.de\/index.php?rest_route=\/wp\/v2\/users\/1"}],"replies":[{"embeddable":true,"href":"https:\/\/hebammenpraxis-verden.de\/index.php?rest_route=%2Fwp%2Fv2%2Fcomments&post=31"}],"version-history":[{"count":16,"href":"https:\/\/hebammenpraxis-verden.de\/index.php?rest_route=\/wp\/v2\/pages\/31\/revisions"}],"predecessor-version":[{"id":194,"href":"https:\/\/hebammenpraxis-verden.de\/index.php?rest_route=\/wp\/v2\/pages\/31\/revisions\/194"}],"wp:attachment":[{"href":"https:\/\/hebammenpraxis-verden.de\/index.php?rest_route=%2Fwp%2Fv2%2Fmedia&parent=31"}],"curies":[{"name":"wp","href":"https:\/\/api.w.org\/{rel}","templated":true}]}}