{"id":24,"date":"2019-08-06T11:00:15","date_gmt":"2019-08-06T11:00:15","guid":{"rendered":"http:\/\/hebammenpraxis-verden.de\/?page_id=24"},"modified":"2026-02-13T09:23:50","modified_gmt":"2026-02-13T09:23:50","slug":"kurstermine","status":"publish","type":"page","link":"https:\/\/hebammenpraxis-verden.de\/?page_id=24","title":{"rendered":"Anmeldung zur Hebammenbetreuung:"},"content":{"rendered":"<div id=\"page\" class=\"hfeed site\">\n<div id=\"content\" class=\"site-content\">\n<div id=\"primary\" class=\"content-area\">Wenn Sie sich zur Hebammenbetreuung anmelden wollen, schreiben Sie gerne eine Email an :\u00a0 <strong><span style=\"color: #008000;\">info@hebammenpraxis-verden.de<\/span><\/strong><\/div>\n<\/div>\n<\/div>\n<div id=\"page\" class=\"hfeed site\">\n<div id=\"content\" class=\"site-content\">\n<div id=\"primary\" class=\"content-area\">\n<article id=\"post-25\" class=\"post-25 page type-page status-publish hentry\">\n<div class=\"entry-content\">\n<p><span style=\"color: #008000;\"><u>Telefonsprechstunde: Montag &#8211; Freitag\u00a0 von 09.00 &#8211; 09.30Uhr \u00a0unter 0172. 456 8163 ( f\u00fcr akute Fragen in Betreuungssituationen.\u00a0<\/u><\/span><\/p>\n<p><span style=\"color: #008000;\">Freie Kapazit\u00e4ten f\u00fcr die Hebammenbetreuung\u00a0 gibt es wieder ab errechnetem Geburtstermin M\u00e4rz 2027.<\/span><\/p>\n<p><span style=\"color: #008000;\">Die Anmeldungen f\u00fcr diesen Geburtszeitraum k\u00f6nnen Sie ab Juni 2026 per email anfragen.<\/span><\/p>\n<p><span style=\"color: #008000;\">Der Betreuungsradius gilt f\u00fcr die Gemeinde Kirchlinteln und das Stadtgebiet Verden mit den Vororten von Verden!<\/span><\/p>\n<\/div>\n<\/article>\n<\/div>\n<\/div>\n<\/div>\n","protected":false},"excerpt":{"rendered":"<p>Wenn Sie sich zur Hebammenbetreuung anmelden wollen, schreiben Sie gerne eine Email an :\u00a0 info@hebammenpraxis-verden.de Telefonsprechstunde: Montag &#8211; Freitag\u00a0 von 09.00 &#8211; 09.30Uhr \u00a0unter 0172. 456 8163 ( f\u00fcr akute Fragen in Betreuungssituationen.\u00a0 Freie Kapazit\u00e4ten f\u00fcr die Hebammenbetreuung\u00a0 gibt es wieder ab errechnetem Geburtstermin M\u00e4rz 2027. Die Anmeldungen f\u00fcr diesen Geburtszeitraum k\u00f6nnen Sie ab Juni [&hellip;]<\/p>\n","protected":false},"author":1,"featured_media":0,"parent":0,"menu_order":5,"comment_status":"closed","ping_status":"closed","template":"","meta":{"footnotes":""},"_links":{"self":[{"href":"https:\/\/hebammenpraxis-verden.de\/index.php?rest_route=\/wp\/v2\/pages\/24"}],"collection":[{"href":"https:\/\/hebammenpraxis-verden.de\/index.php?rest_route=\/wp\/v2\/pages"}],"about":[{"href":"https:\/\/hebammenpraxis-verden.de\/index.php?rest_route=\/wp\/v2\/types\/page"}],"author":[{"embeddable":true,"href":"https:\/\/hebammenpraxis-verden.de\/index.php?rest_route=\/wp\/v2\/users\/1"}],"replies":[{"embeddable":true,"href":"https:\/\/hebammenpraxis-verden.de\/index.php?rest_route=%2Fwp%2Fv2%2Fcomments&post=24"}],"version-history":[{"count":39,"href":"https:\/\/hebammenpraxis-verden.de\/index.php?rest_route=\/wp\/v2\/pages\/24\/revisions"}],"predecessor-version":[{"id":198,"href":"https:\/\/hebammenpraxis-verden.de\/index.php?rest_route=\/wp\/v2\/pages\/24\/revisions\/198"}],"wp:attachment":[{"href":"https:\/\/hebammenpraxis-verden.de\/index.php?rest_route=%2Fwp%2Fv2%2Fmedia&parent=24"}],"curies":[{"name":"wp","href":"https:\/\/api.w.org\/{rel}","templated":true}]}}